{"id":16342,"date":"2022-11-08T15:14:05","date_gmt":"2022-11-08T21:14:05","guid":{"rendered":"https:\/\/www.alfa.com.mx\/recycling\/"},"modified":"2024-04-04T20:25:40","modified_gmt":"2024-04-05T02:25:40","slug":"circularity","status":"publish","type":"page","link":"https:\/\/www.sigmafoods.com\/en\/circularity\/","title":{"rendered":"Circularity"},"content":{"rendered":"\t\t<div data-elementor-type=\"wp-page\" data-elementor-id=\"16342\" class=\"elementor elementor-16342 elementor-15422\" data-elementor-post-type=\"page\">\n\t\t\t\t\t\t<section class=\"elementor-section elementor-top-section elementor-element elementor-element-e5e7d48 elementor-section-height-min-height elementor-section-items-bottom elementor-reverse-mobile elementor-section-boxed elementor-section-height-default\" data-id=\"e5e7d48\" data-element_type=\"section\" data-settings=\"{&quot;jet_parallax_layout_list&quot;:[],&quot;background_background&quot;:&quot;classic&quot;}\">\n\t\t\t\t\t\t\t<div class=\"elementor-background-overlay\"><\/div>\n\t\t\t\t\t\t\t<div class=\"elementor-container elementor-column-gap-default\">\n\t\t\t\t\t<div class=\"elementor-column elementor-col-50 elementor-top-column elementor-element elementor-element-1ef8e25\" data-id=\"1ef8e25\" data-element_type=\"column\" data-settings=\"{&quot;background_background&quot;:&quot;classic&quot;}\">\n\t\t\t<div class=\"elementor-widget-wrap elementor-element-populated\">\n\t\t\t\t\t\t<div class=\"elementor-element elementor-element-08c7c84 elementor-widget elementor-widget-heading\" data-id=\"08c7c84\" data-element_type=\"widget\" data-widget_type=\"heading.default\">\n\t\t\t\t<div class=\"elementor-widget-container\">\n\t\t\t\t\t<h1 class=\"elementor-heading-title elementor-size-default\">ENVIRONMENTAL<\/h1>\t\t\t\t<\/div>\n\t\t\t\t<\/div>\n\t\t\t\t<div class=\"elementor-element elementor-element-b4cc7dc elementor-widget elementor-widget-heading\" data-id=\"b4cc7dc\" data-element_type=\"widget\" data-widget_type=\"heading.default\">\n\t\t\t\t<div class=\"elementor-widget-container\">\n\t\t\t\t\t<h1 class=\"elementor-heading-title elementor-size-default\">Circularity<\/h1>\t\t\t\t<\/div>\n\t\t\t\t<\/div>\n\t\t\t\t<div class=\"elementor-element elementor-element-fb073d3 elementor-widget elementor-widget-text-editor\" data-id=\"fb073d3\" data-element_type=\"widget\" data-widget_type=\"text-editor.default\">\n\t\t\t\t<div class=\"elementor-widget-container\">\n\t\t\t\t\t\t\t\t\tFor ALFA, recycling is a relevant factor to promote the culture of circularity and optimize the use of raw materials. The Business Units develop their own recycling strategies and work on several fronts according to the sector in which they operate.\t\t\t\t\t\t\t\t<\/div>\n\t\t\t\t<\/div>\n\t\t\t\t\t<\/div>\n\t\t<\/div>\n\t\t\t\t<div class=\"elementor-column elementor-col-50 elementor-top-column elementor-element elementor-element-1a7820e\" data-id=\"1a7820e\" data-element_type=\"column\">\n\t\t\t<div class=\"elementor-widget-wrap\">\n\t\t\t\t\t\t\t<\/div>\n\t\t<\/div>\n\t\t\t\t\t<\/div>\n\t\t<\/section>\n\t\t\t\t<section class=\"elementor-section elementor-top-section elementor-element elementor-element-8165e58 elementor-section-boxed elementor-section-height-default elementor-section-height-default\" data-id=\"8165e58\" data-element_type=\"section\" data-settings=\"{&quot;jet_parallax_layout_list&quot;:[],&quot;background_background&quot;:&quot;classic&quot;}\">\n\t\t\t\t\t\t<div class=\"elementor-container elementor-column-gap-default\">\n\t\t\t\t\t<div class=\"elementor-column elementor-col-100 elementor-top-column elementor-element elementor-element-a0ff203\" data-id=\"a0ff203\" data-element_type=\"column\">\n\t\t\t<div class=\"elementor-widget-wrap elementor-element-populated\">\n\t\t\t\t\t\t<div class=\"elementor-element elementor-element-940a816 elementor-widget elementor-widget-jet-headline\" data-id=\"940a816\" data-element_type=\"widget\" data-widget_type=\"jet-headline.default\">\n\t\t\t\t<div class=\"elementor-widget-container\">\n\t\t\t\t\t<h2 class=\"jet-headline jet-headline--direction-horizontal\"><span class=\"jet-headline__part jet-headline__first\"><span class=\"jet-headline__label\">Goals<\/span><\/span><span class=\"jet-headline__space\">&nbsp;<\/span><\/h2>\t\t\t\t<\/div>\n\t\t\t\t<\/div>\n\t\t\t\t<section class=\"elementor-section elementor-inner-section elementor-element elementor-element-a8b1893 elementor-section-boxed elementor-section-height-default elementor-section-height-default\" data-id=\"a8b1893\" data-element_type=\"section\" data-settings=\"{&quot;jet_parallax_layout_list&quot;:[]}\">\n\t\t\t\t\t\t<div class=\"elementor-container elementor-column-gap-default\">\n\t\t\t\t\t<div class=\"elementor-column elementor-col-50 elementor-inner-column elementor-element elementor-element-3e77880\" data-id=\"3e77880\" data-element_type=\"column\">\n\t\t\t<div class=\"elementor-widget-wrap elementor-element-populated\">\n\t\t\t\t\t\t<div class=\"elementor-element elementor-element-07d6832 elementor-widget elementor-widget-image\" data-id=\"07d6832\" data-element_type=\"widget\" data-widget_type=\"image.default\">\n\t\t\t\t<div class=\"elementor-widget-container\">\n\t\t\t\t\t\t\t\t\t\t\t\t\t\t\t<img decoding=\"async\" src=\"https:\/\/www.sigmafoods.com\/wp-content\/uploads\/2023\/04\/empaque_Sigma.png\" title=\"\" alt=\"\" loading=\"lazy\" \/>\t\t\t\t\t\t\t\t\t\t\t\t\t\t\t<\/div>\n\t\t\t\t<\/div>\n\t\t\t\t<div class=\"elementor-element elementor-element-8131ad7 elementor-widget elementor-widget-heading\" data-id=\"8131ad7\" data-element_type=\"widget\" data-widget_type=\"heading.default\">\n\t\t\t\t<div class=\"elementor-widget-container\">\n\t\t\t\t\t<h3 class=\"elementor-heading-title elementor-size-default\">Sigma<\/h3>\t\t\t\t<\/div>\n\t\t\t\t<\/div>\n\t\t\t\t<div class=\"elementor-element elementor-element-34fe2b6 elementor-widget elementor-widget-text-editor\" data-id=\"34fe2b6\" data-element_type=\"widget\" data-widget_type=\"text-editor.default\">\n\t\t\t\t<div class=\"elementor-widget-container\">\n\t\t\t\t\t\t\t\t\tCreate packaging solutions that move the Company toward a circular economy.\t\t\t\t\t\t\t\t<\/div>\n\t\t\t\t<\/div>\n\t\t\t\t\t<\/div>\n\t\t<\/div>\n\t\t\t\t<div class=\"elementor-column elementor-col-50 elementor-inner-column elementor-element elementor-element-f5bbda8\" data-id=\"f5bbda8\" data-element_type=\"column\">\n\t\t\t<div class=\"elementor-widget-wrap elementor-element-populated\">\n\t\t\t\t\t\t<div class=\"elementor-element elementor-element-b69d74e elementor-widget elementor-widget-image\" data-id=\"b69d74e\" data-element_type=\"widget\" data-widget_type=\"image.default\">\n\t\t\t\t<div class=\"elementor-widget-container\">\n\t\t\t\t\t\t\t\t\t\t\t\t\t\t\t<img fetchpriority=\"high\" decoding=\"async\" width=\"800\" height=\"533\" src=\"https:\/\/www.sigmafoods.com\/wp-content\/uploads\/2023\/04\/reciclaje_Alpek.jpg\" class=\"attachment-large size-large wp-image-17341\" alt=\"\" \/>\t\t\t\t\t\t\t\t\t\t\t\t\t\t\t<\/div>\n\t\t\t\t<\/div>\n\t\t\t\t<div class=\"elementor-element elementor-element-27dcf6c elementor-widget elementor-widget-heading\" data-id=\"27dcf6c\" data-element_type=\"widget\" data-widget_type=\"heading.default\">\n\t\t\t\t<div class=\"elementor-widget-container\">\n\t\t\t\t\t<h3 class=\"elementor-heading-title elementor-size-default\">Alpek<\/h3>\t\t\t\t<\/div>\n\t\t\t\t<\/div>\n\t\t\t\t<div class=\"elementor-element elementor-element-16dd2b0 elementor-widget elementor-widget-text-editor\" data-id=\"16dd2b0\" data-element_type=\"widget\" data-widget_type=\"text-editor.default\">\n\t\t\t\t<div class=\"elementor-widget-container\">\n\t\t\t\t\t\t\t\t\t<ul>\n \t<li><span style=\"caret-color: #f4af3d; color: #f4af3d;\">PET:<\/span> Increase its PET bottle recycling capacity to 300 thousand metric tons per year by 2025 to meet its customers\u2019 recycled content needs.<\/li>\n<\/ul>\n<ul>\n \t<li><span style=\"caret-color: #f4af3d; color: #f4af3d;\">PP:<\/span> Leverage its alliances to develop recycling solutions for polypropylene and increase its share of copolymers used in long-term applications.<\/li>\n \t<li><span style=\"caret-color: #f4af3d; color: #f4af3d;\">EPS:<\/span> Increase its long-term use and sustainable applications for EPS, work on biodegradable alternatives and increase recycling content in selected products to at least 30% by 2030.<\/li>\n<\/ul>\t\t\t\t\t\t\t\t<\/div>\n\t\t\t\t<\/div>\n\t\t\t\t\t<\/div>\n\t\t<\/div>\n\t\t\t\t\t<\/div>\n\t\t<\/section>\n\t\t\t\t\t<\/div>\n\t\t<\/div>\n\t\t\t\t\t<\/div>\n\t\t<\/section>\n\t\t\t\t<section class=\"elementor-section elementor-top-section elementor-element elementor-element-8aeb51b elementor-section-boxed elementor-section-height-default elementor-section-height-default\" data-id=\"8aeb51b\" data-element_type=\"section\" data-settings=\"{&quot;jet_parallax_layout_list&quot;:[],&quot;background_background&quot;:&quot;classic&quot;}\">\n\t\t\t\t\t\t<div class=\"elementor-container elementor-column-gap-default\">\n\t\t\t\t\t<div class=\"elementor-column elementor-col-100 elementor-top-column elementor-element elementor-element-59df558\" data-id=\"59df558\" data-element_type=\"column\">\n\t\t\t<div class=\"elementor-widget-wrap elementor-element-populated\">\n\t\t\t\t\t\t<div class=\"elementor-element elementor-element-5893e11 elementor-widget elementor-widget-jet-headline\" data-id=\"5893e11\" data-element_type=\"widget\" data-widget_type=\"jet-headline.default\">\n\t\t\t\t<div class=\"elementor-widget-container\">\n\t\t\t\t\t<h3 class=\"jet-headline jet-headline--direction-horizontal\"><span class=\"jet-headline__part jet-headline__first\"><span class=\"jet-headline__label\">Main<\/span><\/span><span class=\"jet-headline__space\">&nbsp;<\/span><span class=\"jet-headline__part jet-headline__second\"><span class=\"jet-headline__label\">Goals<\/span><\/span><\/h3>\t\t\t\t<\/div>\n\t\t\t\t<\/div>\n\t\t\t\t<section class=\"elementor-section elementor-inner-section elementor-element elementor-element-4946f29 elementor-section-boxed elementor-section-height-default elementor-section-height-default\" data-id=\"4946f29\" data-element_type=\"section\" data-settings=\"{&quot;jet_parallax_layout_list&quot;:[]}\">\n\t\t\t\t\t\t<div class=\"elementor-container elementor-column-gap-default\">\n\t\t\t\t\t<div class=\"elementor-column elementor-col-50 elementor-inner-column elementor-element elementor-element-7a5550d\" data-id=\"7a5550d\" data-element_type=\"column\">\n\t\t\t<div class=\"elementor-widget-wrap elementor-element-populated\">\n\t\t\t\t\t\t<div class=\"elementor-element elementor-element-5536e8c elementor-widget elementor-widget-image\" data-id=\"5536e8c\" data-element_type=\"widget\" data-widget_type=\"image.default\">\n\t\t\t\t<div class=\"elementor-widget-container\">\n\t\t\t\t\t\t\t\t\t\t\t\t\t\t\t<img decoding=\"async\" width=\"800\" height=\"532\" src=\"https:\/\/www.sigmafoods.com\/wp-content\/uploads\/2023\/04\/empaque_Sigma.jpg\" class=\"attachment-large size-large wp-image-17339\" alt=\"\" \/>\t\t\t\t\t\t\t\t\t\t\t\t\t\t\t<\/div>\n\t\t\t\t<\/div>\n\t\t\t\t<div class=\"elementor-element elementor-element-7848f1e elementor-widget elementor-widget-heading\" data-id=\"7848f1e\" data-element_type=\"widget\" data-widget_type=\"heading.default\">\n\t\t\t\t<div class=\"elementor-widget-container\">\n\t\t\t\t\t<h3 class=\"elementor-heading-title elementor-size-default\">Sigma<\/h3>\t\t\t\t<\/div>\n\t\t\t\t<\/div>\n\t\t\t\t<div class=\"elementor-element elementor-element-dc0d05e elementor-widget elementor-widget-text-editor\" data-id=\"dc0d05e\" data-element_type=\"widget\" data-widget_type=\"text-editor.default\">\n\t\t\t\t<div class=\"elementor-widget-container\">\n\t\t\t\t\t\t\t\t\t<p>Avoided the consumption of 1,638 tons of virgin plastic in its packaging during 2023.<\/p>\t\t\t\t\t\t\t\t<\/div>\n\t\t\t\t<\/div>\n\t\t\t\t\t<\/div>\n\t\t<\/div>\n\t\t\t\t<div class=\"elementor-column elementor-col-50 elementor-inner-column elementor-element elementor-element-bdf5906\" data-id=\"bdf5906\" data-element_type=\"column\">\n\t\t\t<div class=\"elementor-widget-wrap elementor-element-populated\">\n\t\t\t\t\t\t<div class=\"elementor-element elementor-element-9ce313f elementor-widget elementor-widget-image\" data-id=\"9ce313f\" data-element_type=\"widget\" data-widget_type=\"image.default\">\n\t\t\t\t<div class=\"elementor-widget-container\">\n\t\t\t\t\t\t\t\t\t\t\t\t\t\t\t<img decoding=\"async\" width=\"800\" height=\"534\" src=\"https:\/\/www.sigmafoods.com\/wp-content\/uploads\/2023\/04\/reciclaje_Alpek.jpeg\" class=\"attachment-large size-large wp-image-17345\" alt=\"\" \/>\t\t\t\t\t\t\t\t\t\t\t\t\t\t\t<\/div>\n\t\t\t\t<\/div>\n\t\t\t\t<div class=\"elementor-element elementor-element-b86517a elementor-widget elementor-widget-heading\" data-id=\"b86517a\" data-element_type=\"widget\" data-widget_type=\"heading.default\">\n\t\t\t\t<div class=\"elementor-widget-container\">\n\t\t\t\t\t<h3 class=\"elementor-heading-title elementor-size-default\">Alpek<\/h3>\t\t\t\t<\/div>\n\t\t\t\t<\/div>\n\t\t\t\t<div class=\"elementor-element elementor-element-ddd2b1f elementor-widget elementor-widget-text-editor\" data-id=\"ddd2b1f\" data-element_type=\"widget\" data-widget_type=\"text-editor.default\">\n\t\t\t\t<div class=\"elementor-widget-container\">\n\t\t\t\t\t\t\t\t\tRegarding the development of biodegradable packaging and the use of recycled material, Alpek obtained ISCC Plus and SCS certifications for recycled content and biobased material.\t\t\t\t\t\t\t\t<\/div>\n\t\t\t\t<\/div>\n\t\t\t\t\t<\/div>\n\t\t<\/div>\n\t\t\t\t\t<\/div>\n\t\t<\/section>\n\t\t\t\t\t<\/div>\n\t\t<\/div>\n\t\t\t\t\t<\/div>\n\t\t<\/section>\n\t\t\t\t<\/div>\n\t\t","protected":false},"excerpt":{"rendered":"<p>ENVIRONMENTAL Circularity For ALFA, recycling is a relevant factor to promote the culture of circularity and optimize the use of raw materials. The Business Units develop their own recycling strategies and work on several fronts according to the sector in which they operate. Goals&nbsp; Sigma Create packaging solutions that move the Company toward a circular [&hellip;]<\/p>\n","protected":false},"author":6,"featured_media":0,"parent":0,"menu_order":0,"comment_status":"closed","ping_status":"closed","template":"","meta":{"footnotes":""},"class_list":["post-16342","page","type-page","status-publish","hentry"],"yoast_head":"<!-- This site is optimized with the Yoast SEO plugin v25.2 - https:\/\/yoast.com\/wordpress\/plugins\/seo\/ -->\n<title>Circularity - Sigma Foods | Alimentos Deliciosos para una Vida Mejor<\/title>\n<meta name=\"robots\" content=\"noindex, nofollow\" \/>\n<meta property=\"og:locale\" content=\"en_US\" \/>\n<meta property=\"og:type\" content=\"article\" \/>\n<meta property=\"og:title\" content=\"Circularity - Sigma Foods | Alimentos Deliciosos para una Vida Mejor\" \/>\n<meta property=\"og:description\" content=\"ENVIRONMENTAL Circularity For ALFA, recycling is a relevant factor to promote the culture of circularity and optimize the use of raw materials. The Business Units develop their own recycling strategies and work on several fronts according to the sector in which they operate. Goals&nbsp; Sigma Create packaging solutions that move the Company toward a circular [&hellip;]\" \/>\n<meta property=\"og:url\" content=\"https:\/\/www.sigmafoods.com\/en\/circularity\/\" \/>\n<meta property=\"og:site_name\" content=\"Sigma Foods | Alimentos Deliciosos para una Vida Mejor\" \/>\n<meta property=\"article:modified_time\" content=\"2024-04-05T02:25:40+00:00\" \/>\n<meta property=\"og:image\" content=\"https:\/\/www.alfa.com.mx\/wp-content\/uploads\/2023\/04\/empaque_Sigma.png\" \/>\n<meta name=\"twitter:card\" content=\"summary_large_image\" \/>\n<meta name=\"twitter:label1\" content=\"Est. reading time\" \/>\n\t<meta name=\"twitter:data1\" content=\"2 minutes\" \/>\n<script type=\"application\/ld+json\" class=\"yoast-schema-graph\">{\"@context\":\"https:\/\/schema.org\",\"@graph\":[{\"@type\":\"WebPage\",\"@id\":\"https:\/\/www.sigmafoods.com\/en\/circularity\/\",\"url\":\"https:\/\/www.sigmafoods.com\/en\/circularity\/\",\"name\":\"Circularity - Sigma Foods | Alimentos Deliciosos para una Vida Mejor\",\"isPartOf\":{\"@id\":\"https:\/\/www.sigmafoods.com\/#website\"},\"primaryImageOfPage\":{\"@id\":\"https:\/\/www.sigmafoods.com\/en\/circularity\/#primaryimage\"},\"image\":{\"@id\":\"https:\/\/www.sigmafoods.com\/en\/circularity\/#primaryimage\"},\"thumbnailUrl\":\"https:\/\/www.alfa.com.mx\/wp-content\/uploads\/2023\/04\/empaque_Sigma.png\",\"datePublished\":\"2022-11-08T21:14:05+00:00\",\"dateModified\":\"2024-04-05T02:25:40+00:00\",\"inLanguage\":\"en-US\",\"potentialAction\":[{\"@type\":\"ReadAction\",\"target\":[\"https:\/\/www.sigmafoods.com\/en\/circularity\/\"]}]},{\"@type\":\"ImageObject\",\"inLanguage\":\"en-US\",\"@id\":\"https:\/\/www.sigmafoods.com\/en\/circularity\/#primaryimage\",\"url\":\"https:\/\/www.alfa.com.mx\/wp-content\/uploads\/2023\/04\/empaque_Sigma.png\",\"contentUrl\":\"https:\/\/www.alfa.com.mx\/wp-content\/uploads\/2023\/04\/empaque_Sigma.png\"},{\"@type\":\"WebSite\",\"@id\":\"https:\/\/www.sigmafoods.com\/#website\",\"url\":\"https:\/\/www.sigmafoods.com\/\",\"name\":\"Sigma Foods | Alimentos Deliciosos para una Vida Mejor\",\"description\":\"Compa\u00f1\u00eda multinacional l\u00edder en la industria de alimentos que produce, comercializa y distribuye carnes fr\u00edas, carnes maduradas, l\u00e1cteos y otros productos en M\u00e9xico, Europa, EE.UU. y Am\u00e9rica Latina.\",\"publisher\":{\"@id\":\"https:\/\/www.sigmafoods.com\/#organization\"},\"potentialAction\":[{\"@type\":\"SearchAction\",\"target\":{\"@type\":\"EntryPoint\",\"urlTemplate\":\"https:\/\/www.sigmafoods.com\/?s={search_term_string}\"},\"query-input\":{\"@type\":\"PropertyValueSpecification\",\"valueRequired\":true,\"valueName\":\"search_term_string\"}}],\"inLanguage\":\"en-US\"},{\"@type\":\"Organization\",\"@id\":\"https:\/\/www.sigmafoods.com\/#organization\",\"name\":\"Sigma Foods | Alimentos Deliciosos para una Vida Mejor\",\"url\":\"https:\/\/www.sigmafoods.com\/\",\"logo\":{\"@type\":\"ImageObject\",\"inLanguage\":\"en-US\",\"@id\":\"https:\/\/www.sigmafoods.com\/#\/schema\/logo\/image\/\",\"url\":\"https:\/\/www.sigmafoods.com\/wp-content\/uploads\/2025\/12\/SigmaFoods_2.png\",\"contentUrl\":\"https:\/\/www.sigmafoods.com\/wp-content\/uploads\/2025\/12\/SigmaFoods_2.png\",\"width\":600,\"height\":370,\"caption\":\"Sigma Foods | Alimentos Deliciosos para una Vida Mejor\"},\"image\":{\"@id\":\"https:\/\/www.sigmafoods.com\/#\/schema\/logo\/image\/\"}}]}<\/script>\n<!-- \/ Yoast SEO plugin. -->","yoast_head_json":{"title":"Circularity - Sigma Foods | Alimentos Deliciosos para una Vida Mejor","robots":{"index":"noindex","follow":"nofollow"},"og_locale":"en_US","og_type":"article","og_title":"Circularity - Sigma Foods | Alimentos Deliciosos para una Vida Mejor","og_description":"ENVIRONMENTAL Circularity For ALFA, recycling is a relevant factor to promote the culture of circularity and optimize the use of raw materials. The Business Units develop their own recycling strategies and work on several fronts according to the sector in which they operate. Goals&nbsp; Sigma Create packaging solutions that move the Company toward a circular [&hellip;]","og_url":"https:\/\/www.sigmafoods.com\/en\/circularity\/","og_site_name":"Sigma Foods | Alimentos Deliciosos para una Vida Mejor","article_modified_time":"2024-04-05T02:25:40+00:00","og_image":[{"url":"https:\/\/www.alfa.com.mx\/wp-content\/uploads\/2023\/04\/empaque_Sigma.png","type":"","width":"","height":""}],"twitter_card":"summary_large_image","twitter_misc":{"Est. reading time":"2 minutes"},"schema":{"@context":"https:\/\/schema.org","@graph":[{"@type":"WebPage","@id":"https:\/\/www.sigmafoods.com\/en\/circularity\/","url":"https:\/\/www.sigmafoods.com\/en\/circularity\/","name":"Circularity - Sigma Foods | Alimentos Deliciosos para una Vida Mejor","isPartOf":{"@id":"https:\/\/www.sigmafoods.com\/#website"},"primaryImageOfPage":{"@id":"https:\/\/www.sigmafoods.com\/en\/circularity\/#primaryimage"},"image":{"@id":"https:\/\/www.sigmafoods.com\/en\/circularity\/#primaryimage"},"thumbnailUrl":"https:\/\/www.alfa.com.mx\/wp-content\/uploads\/2023\/04\/empaque_Sigma.png","datePublished":"2022-11-08T21:14:05+00:00","dateModified":"2024-04-05T02:25:40+00:00","inLanguage":"en-US","potentialAction":[{"@type":"ReadAction","target":["https:\/\/www.sigmafoods.com\/en\/circularity\/"]}]},{"@type":"ImageObject","inLanguage":"en-US","@id":"https:\/\/www.sigmafoods.com\/en\/circularity\/#primaryimage","url":"https:\/\/www.alfa.com.mx\/wp-content\/uploads\/2023\/04\/empaque_Sigma.png","contentUrl":"https:\/\/www.alfa.com.mx\/wp-content\/uploads\/2023\/04\/empaque_Sigma.png"},{"@type":"WebSite","@id":"https:\/\/www.sigmafoods.com\/#website","url":"https:\/\/www.sigmafoods.com\/","name":"Sigma Foods | Alimentos Deliciosos para una Vida Mejor","description":"Compa\u00f1\u00eda multinacional l\u00edder en la industria de alimentos que produce, comercializa y distribuye carnes fr\u00edas, carnes maduradas, l\u00e1cteos y otros productos en M\u00e9xico, Europa, EE.UU. y Am\u00e9rica Latina.","publisher":{"@id":"https:\/\/www.sigmafoods.com\/#organization"},"potentialAction":[{"@type":"SearchAction","target":{"@type":"EntryPoint","urlTemplate":"https:\/\/www.sigmafoods.com\/?s={search_term_string}"},"query-input":{"@type":"PropertyValueSpecification","valueRequired":true,"valueName":"search_term_string"}}],"inLanguage":"en-US"},{"@type":"Organization","@id":"https:\/\/www.sigmafoods.com\/#organization","name":"Sigma Foods | Alimentos Deliciosos para una Vida Mejor","url":"https:\/\/www.sigmafoods.com\/","logo":{"@type":"ImageObject","inLanguage":"en-US","@id":"https:\/\/www.sigmafoods.com\/#\/schema\/logo\/image\/","url":"https:\/\/www.sigmafoods.com\/wp-content\/uploads\/2025\/12\/SigmaFoods_2.png","contentUrl":"https:\/\/www.sigmafoods.com\/wp-content\/uploads\/2025\/12\/SigmaFoods_2.png","width":600,"height":370,"caption":"Sigma Foods | Alimentos Deliciosos para una Vida Mejor"},"image":{"@id":"https:\/\/www.sigmafoods.com\/#\/schema\/logo\/image\/"}}]}},"_links":{"self":[{"href":"https:\/\/www.sigmafoods.com\/en\/wp-json\/wp\/v2\/pages\/16342","targetHints":{"allow":["GET"]}}],"collection":[{"href":"https:\/\/www.sigmafoods.com\/en\/wp-json\/wp\/v2\/pages"}],"about":[{"href":"https:\/\/www.sigmafoods.com\/en\/wp-json\/wp\/v2\/types\/page"}],"author":[{"embeddable":true,"href":"https:\/\/www.sigmafoods.com\/en\/wp-json\/wp\/v2\/users\/6"}],"replies":[{"embeddable":true,"href":"https:\/\/www.sigmafoods.com\/en\/wp-json\/wp\/v2\/comments?post=16342"}],"version-history":[{"count":29,"href":"https:\/\/www.sigmafoods.com\/en\/wp-json\/wp\/v2\/pages\/16342\/revisions"}],"predecessor-version":[{"id":24923,"href":"https:\/\/www.sigmafoods.com\/en\/wp-json\/wp\/v2\/pages\/16342\/revisions\/24923"}],"wp:attachment":[{"href":"https:\/\/www.sigmafoods.com\/en\/wp-json\/wp\/v2\/media?parent=16342"}],"curies":[{"name":"wp","href":"https:\/\/api.w.org\/{rel}","templated":true}]}}