{"id":36041,"date":"2022-02-07T15:34:18","date_gmt":"2022-02-07T21:34:18","guid":{"rendered":"https:\/\/webapp-alfa-sigma-foods.azurewebsites.net\/?page_id=36041"},"modified":"2025-12-10T11:04:09","modified_gmt":"2025-12-10T17:04:09","slug":"privacy-notice","status":"publish","type":"page","link":"https:\/\/www.sigmafoods.com\/en\/privacy-notice\/","title":{"rendered":"Privacy notice"},"content":{"rendered":"\t\t<div data-elementor-type=\"wp-page\" data-elementor-id=\"36041\" class=\"elementor elementor-36041 elementor-36040\" data-elementor-post-type=\"page\">\n\t\t\t\t\t\t<section class=\"elementor-section elementor-top-section elementor-element elementor-element-397b934f elementor-section-height-min-height elementor-section-items-bottom elementor-section-boxed elementor-section-height-default\" data-id=\"397b934f\" data-element_type=\"section\" data-settings=\"{&quot;jet_parallax_layout_list&quot;:[],&quot;background_background&quot;:&quot;classic&quot;}\">\n\t\t\t\t\t\t<div class=\"elementor-container elementor-column-gap-default\">\n\t\t\t\t\t<div class=\"elementor-column elementor-col-100 elementor-top-column elementor-element elementor-element-51487dcd\" data-id=\"51487dcd\" data-element_type=\"column\" data-settings=\"{&quot;background_background&quot;:&quot;classic&quot;}\">\n\t\t\t<div class=\"elementor-widget-wrap elementor-element-populated\">\n\t\t\t\t\t<div class=\"elementor-background-overlay\"><\/div>\n\t\t\t\t\t\t<div class=\"elementor-element elementor-element-40f362ab elementor-widget elementor-widget-jet-headline\" data-id=\"40f362ab\" data-element_type=\"widget\" data-widget_type=\"jet-headline.default\">\n\t\t\t\t<div class=\"elementor-widget-container\">\n\t\t\t\t\t<h1 class=\"jet-headline jet-headline--direction-horizontal\"><span class=\"jet-headline__part jet-headline__first\"><span class=\"jet-headline__label\">Privacy notice<\/span><\/span><span class=\"jet-headline__space\">&nbsp;<\/span><\/h1>\t\t\t\t<\/div>\n\t\t\t\t<\/div>\n\t\t\t\t\t<\/div>\n\t\t<\/div>\n\t\t\t\t\t<\/div>\n\t\t<\/section>\n\t\t\t\t<section class=\"elementor-section elementor-top-section elementor-element elementor-element-12c1a51 elementor-section-boxed elementor-section-height-default elementor-section-height-default\" data-id=\"12c1a51\" data-element_type=\"section\" data-settings=\"{&quot;jet_parallax_layout_list&quot;:[]}\">\n\t\t\t\t\t\t<div class=\"elementor-container elementor-column-gap-default\">\n\t\t\t\t\t<div class=\"elementor-column elementor-col-100 elementor-top-column elementor-element elementor-element-eafb423\" data-id=\"eafb423\" data-element_type=\"column\">\n\t\t\t<div class=\"elementor-widget-wrap elementor-element-populated\">\n\t\t\t\t\t\t<div class=\"elementor-element elementor-element-1441114 elementor-widget elementor-widget-text-editor\" data-id=\"1441114\" data-element_type=\"widget\" data-widget_type=\"text-editor.default\">\n\t\t\t\t<div class=\"elementor-widget-container\">\n\t\t\t\t\t\t\t\t\t<h1 class=\"main_title\">Privacy notice<\/h1><div class=\"entry-content\"><div id=\"ajaxInfo\"><p>This privacy notice (\u201cPrivacy Notice\u201d) sets forth the terms under which the personal data of our users in our website is managed are established, through their legitimate treatment, controlled and informed, with the purpose to guarantee their privacy, as their right to informative autodetermination.<\/p><p><u>Legal name and address<\/u><\/p><p>Sigma Alimentos, S.A de C.V. (\u201c<u>Sigma Alimentos<\/u>\u201d) and its subsidiaries and affiliates, with official business address at Av. G\u00f3mez Mor\u00edn # 1111 sur, Col. Carrizalejo, San Pedro Garza Garc\u00eda, N.L., M\u00e9xico zip code 66254, pursuant to the Federal Law for the Protection of Data in Possession of Private Companies or Individuals, hereby notifies this Privacy Notice.<\/p><p>I.\u00a0<u>Personal Data subject to this Privacy Notice<\/u><\/p><p>The personal data subject to this Privacy Notice includes the following information of the titleholder: name, email address, home address, Federal Taxpayer\u2019s ID, Personal Identification Number, phone numbers, and financial and economic data.<\/p><p>II.\u00a0<u>Use of personal data<\/u><\/p><p>Sigma Alimentos will not disclose your personal data nor use it for any commercial purposes, and it will be used exclusively for responding to (i) any comments, doubts or complaints made by the user in the comments section, and (ii) any claims made by the user in the Transparency Helpline.<\/p><p>III.\u00a0<u>Transfers<\/u><\/p><p>Personal data will be kept in the strictest confidentiality and will not be disclosed nor shared with third parties. Sigma subsidiaries and\/or affiliates are not considered third parties and they may use the personal data for any of the purposes mentioned above.<\/p><p>IV.\u00a0<u>Use of cookies<\/u><\/p><p>We inform you that our website uses cookies with the purpose of administering and monitoring the use that is given to it, and to recognize you when you use or return to our website.<\/p><p>A cookie is a small data file that can be saved in the hard drive of your computer or electronic device when surfing a specific website, allowing the site and the user\u2019s browser to exchange information related to the user\u2019s status.\u00a0 Such information may reveal ways to identify the user\u2019s session, authentication and preferences as well as any data stored by the browser related to the website. You can choose to browse our website without accepting cookies. If cookies are not enabled, you can still browse our website, but you may not be able to use some features of the website. This information is collected to enable our website to work correctly, to evaluate its use, and to support promotional campaigns.<\/p><p>V.\u00a0Personal Data Protection<\/p><p>Personal data will be safeguarded under the strictest confidentiality and we will not allow any use of this data distinct from the previously mentioned uses except in case of any changes to the Privacy Notice.<\/p><p>For the collection of personal data, we adhere to all the protection principles cited by law, such as legitimacy, quality, consent, information, purpose, loyalty, proportionality and accountability.<\/p><p>Personal data will be collected directly from the titleholder via personal request, or through other optic, sound or visual media, including our web site, any online services, among others.<\/p><p>Sigma Alimentos has the necessary and sufficient methods of administrative, technical and physical security to fully protect your personal data against any damage, loss, alteration, destruction, misuse, disclosure or unauthorized access and use.<\/p><p>All personal data is safeguarded in data bases and computer equipment that contains all the security features necessary to prevent any loss or theft of information. Among the tools that Sigma Alimentos uses as part of our commitment to maintain information security and to prevent unauthorized access are antivirus protection tools and web filtering.<\/p><p>The security tools on information mentioned in the above paragraph are supported by an internal information security policy that clearly outlines the security measures to take into consideration when accessing our information\/data systems, with such policy being reinforced constantly.<\/p><p>VI.\u00a0ARCO Rights<\/p><p>You have the right to know what personal data we have about you, what we use it for, and the conditions of its use (Access). You also have the right to request the correction of your personal data in case it is out of date, incorrect or incomplete (Rectification); To request that we delete your personal data (Cancellation); Or to oppose to the use of personal data for specific purposes (Opposition).<\/p><p>To learn about the procedures and requirements to exercise these rights of Access, Rectification, Cancellation and Opposition, please send a request in writing to:\u00a0<a href=\"mailto:eajimenez@sigma-alimentos.com\">eajimenez@sigma-alimentos.com\u00a0<\/a>with Attn: Department of Personal Data; Av. G\u00f3mez Mor\u00edn No. 1111 sur, Col. Carrizalejo, San Pedro Garza Garc\u00eda, N.L., M\u00e9xico, zip code 66254<\/p><p>VII.\u00a0<u>Changes to the Privacy Notice<\/u><\/p><p>Sigma Alimentos reserves the right to modify, change or update its Privacy Notice at any time, in order to comply with any new legal requirements or internal policies, or for any other cause.<\/p><p>Any changes to this Privacy Notice will be notified to you by email.<\/p><p>Sigma Alimentos does not undertake any responsibility if you do not receive the email notification regarding our Privacy Notice if there is a problem with your email account or any data transmission problems on the Internet.<\/p><\/div><\/div>\t\t\t\t\t\t\t\t<\/div>\n\t\t\t\t<\/div>\n\t\t\t\t\t<\/div>\n\t\t<\/div>\n\t\t\t\t\t<\/div>\n\t\t<\/section>\n\t\t\t\t<\/div>\n\t\t","protected":false},"excerpt":{"rendered":"<p>Privacy notice&nbsp; Privacy notice This privacy notice (\u201cPrivacy Notice\u201d) sets forth the terms under which the personal data of our users in our website is managed are established, through their legitimate treatment, controlled and informed, with the purpose to guarantee their privacy, as their right to informative autodetermination. Legal name and address Sigma Alimentos, S.A [&hellip;]<\/p>\n","protected":false},"author":15,"featured_media":0,"parent":0,"menu_order":0,"comment_status":"closed","ping_status":"closed","template":"","meta":{"footnotes":""},"class_list":["post-36041","page","type-page","status-publish","hentry"],"yoast_head":"<!-- This site is optimized with the Yoast SEO plugin v27.5 - https:\/\/yoast.com\/product\/yoast-seo-wordpress\/ -->\n<title>Privacy notice - Sigma Foods | Alimentos Deliciosos para una Vida Mejor<\/title>\n<meta name=\"robots\" content=\"index, follow, max-snippet:-1, max-image-preview:large, max-video-preview:-1\" \/>\n<link rel=\"canonical\" href=\"https:\/\/www.sigmafoods.com\/aviso-de-privacidad\/\" \/>\n<meta property=\"og:locale\" content=\"en_US\" \/>\n<meta property=\"og:type\" content=\"article\" \/>\n<meta property=\"og:title\" content=\"Privacy notice - Sigma Foods | Alimentos Deliciosos para una Vida Mejor\" \/>\n<meta property=\"og:description\" content=\"Privacy notice&nbsp; Privacy notice This privacy notice (\u201cPrivacy Notice\u201d) sets forth the terms under which the personal data of our users in our website is managed are established, through their legitimate treatment, controlled and informed, with the purpose to guarantee their privacy, as their right to informative autodetermination. Legal name and address Sigma Alimentos, S.A [&hellip;]\" \/>\n<meta property=\"og:url\" content=\"https:\/\/www.sigmafoods.com\/aviso-de-privacidad\/\" \/>\n<meta property=\"og:site_name\" content=\"Sigma Foods | Alimentos Deliciosos para una Vida Mejor\" \/>\n<meta property=\"article:modified_time\" content=\"2025-12-10T17:04:09+00:00\" \/>\n<meta name=\"twitter:card\" content=\"summary_large_image\" \/>\n<meta name=\"twitter:label1\" content=\"Est. reading time\" \/>\n\t<meta name=\"twitter:data1\" content=\"4 minutes\" \/>\n<script type=\"application\/ld+json\" class=\"yoast-schema-graph\">{\"@context\":\"https:\\\/\\\/schema.org\",\"@graph\":[{\"@type\":\"WebPage\",\"@id\":\"https:\\\/\\\/www.sigmafoods.com\\\/aviso-de-privacidad\\\/\",\"url\":\"https:\\\/\\\/www.sigmafoods.com\\\/aviso-de-privacidad\\\/\",\"name\":\"Privacy notice - Sigma Foods | Alimentos Deliciosos para una Vida Mejor\",\"isPartOf\":{\"@id\":\"https:\\\/\\\/www.sigmafoods.com\\\/#website\"},\"datePublished\":\"2022-02-07T21:34:18+00:00\",\"dateModified\":\"2025-12-10T17:04:09+00:00\",\"inLanguage\":\"en-US\",\"potentialAction\":[{\"@type\":\"ReadAction\",\"target\":[\"https:\\\/\\\/www.sigmafoods.com\\\/aviso-de-privacidad\\\/\"]}]},{\"@type\":\"WebSite\",\"@id\":\"https:\\\/\\\/www.sigmafoods.com\\\/#website\",\"url\":\"https:\\\/\\\/www.sigmafoods.com\\\/\",\"name\":\"Sigma Foods | Alimentos Deliciosos para una Vida Mejor\",\"description\":\"Compa\u00f1\u00eda multinacional l\u00edder en la industria de alimentos que produce, comercializa y distribuye carnes fr\u00edas, carnes maduradas, l\u00e1cteos y otros productos en M\u00e9xico, Europa, EE.UU. y Am\u00e9rica Latina.\",\"publisher\":{\"@id\":\"https:\\\/\\\/www.sigmafoods.com\\\/#organization\"},\"potentialAction\":[{\"@type\":\"SearchAction\",\"target\":{\"@type\":\"EntryPoint\",\"urlTemplate\":\"https:\\\/\\\/www.sigmafoods.com\\\/?s={search_term_string}\"},\"query-input\":{\"@type\":\"PropertyValueSpecification\",\"valueRequired\":true,\"valueName\":\"search_term_string\"}}],\"inLanguage\":\"en-US\"},{\"@type\":\"Organization\",\"@id\":\"https:\\\/\\\/www.sigmafoods.com\\\/#organization\",\"name\":\"Sigma Foods | Alimentos Deliciosos para una Vida Mejor\",\"url\":\"https:\\\/\\\/www.sigmafoods.com\\\/\",\"logo\":{\"@type\":\"ImageObject\",\"inLanguage\":\"en-US\",\"@id\":\"https:\\\/\\\/www.sigmafoods.com\\\/#\\\/schema\\\/logo\\\/image\\\/\",\"url\":\"https:\\\/\\\/www.sigmafoods.com\\\/wp-content\\\/uploads\\\/2025\\\/12\\\/SigmaFoods_2.png\",\"contentUrl\":\"https:\\\/\\\/www.sigmafoods.com\\\/wp-content\\\/uploads\\\/2025\\\/12\\\/SigmaFoods_2.png\",\"width\":600,\"height\":370,\"caption\":\"Sigma Foods | Alimentos Deliciosos para una Vida Mejor\"},\"image\":{\"@id\":\"https:\\\/\\\/www.sigmafoods.com\\\/#\\\/schema\\\/logo\\\/image\\\/\"}}]}<\/script>\n<!-- \/ Yoast SEO plugin. -->","yoast_head_json":{"title":"Privacy notice - Sigma Foods | Alimentos Deliciosos para una Vida Mejor","robots":{"index":"index","follow":"follow","max-snippet":"max-snippet:-1","max-image-preview":"max-image-preview:large","max-video-preview":"max-video-preview:-1"},"canonical":"https:\/\/www.sigmafoods.com\/aviso-de-privacidad\/","og_locale":"en_US","og_type":"article","og_title":"Privacy notice - Sigma Foods | Alimentos Deliciosos para una Vida Mejor","og_description":"Privacy notice&nbsp; Privacy notice This privacy notice (\u201cPrivacy Notice\u201d) sets forth the terms under which the personal data of our users in our website is managed are established, through their legitimate treatment, controlled and informed, with the purpose to guarantee their privacy, as their right to informative autodetermination. Legal name and address Sigma Alimentos, S.A [&hellip;]","og_url":"https:\/\/www.sigmafoods.com\/aviso-de-privacidad\/","og_site_name":"Sigma Foods | Alimentos Deliciosos para una Vida Mejor","article_modified_time":"2025-12-10T17:04:09+00:00","twitter_card":"summary_large_image","twitter_misc":{"Est. reading time":"4 minutes"},"schema":{"@context":"https:\/\/schema.org","@graph":[{"@type":"WebPage","@id":"https:\/\/www.sigmafoods.com\/aviso-de-privacidad\/","url":"https:\/\/www.sigmafoods.com\/aviso-de-privacidad\/","name":"Privacy notice - Sigma Foods | Alimentos Deliciosos para una Vida Mejor","isPartOf":{"@id":"https:\/\/www.sigmafoods.com\/#website"},"datePublished":"2022-02-07T21:34:18+00:00","dateModified":"2025-12-10T17:04:09+00:00","inLanguage":"en-US","potentialAction":[{"@type":"ReadAction","target":["https:\/\/www.sigmafoods.com\/aviso-de-privacidad\/"]}]},{"@type":"WebSite","@id":"https:\/\/www.sigmafoods.com\/#website","url":"https:\/\/www.sigmafoods.com\/","name":"Sigma Foods | Alimentos Deliciosos para una Vida Mejor","description":"Compa\u00f1\u00eda multinacional l\u00edder en la industria de alimentos que produce, comercializa y distribuye carnes fr\u00edas, carnes maduradas, l\u00e1cteos y otros productos en M\u00e9xico, Europa, EE.UU. y Am\u00e9rica Latina.","publisher":{"@id":"https:\/\/www.sigmafoods.com\/#organization"},"potentialAction":[{"@type":"SearchAction","target":{"@type":"EntryPoint","urlTemplate":"https:\/\/www.sigmafoods.com\/?s={search_term_string}"},"query-input":{"@type":"PropertyValueSpecification","valueRequired":true,"valueName":"search_term_string"}}],"inLanguage":"en-US"},{"@type":"Organization","@id":"https:\/\/www.sigmafoods.com\/#organization","name":"Sigma Foods | Alimentos Deliciosos para una Vida Mejor","url":"https:\/\/www.sigmafoods.com\/","logo":{"@type":"ImageObject","inLanguage":"en-US","@id":"https:\/\/www.sigmafoods.com\/#\/schema\/logo\/image\/","url":"https:\/\/www.sigmafoods.com\/wp-content\/uploads\/2025\/12\/SigmaFoods_2.png","contentUrl":"https:\/\/www.sigmafoods.com\/wp-content\/uploads\/2025\/12\/SigmaFoods_2.png","width":600,"height":370,"caption":"Sigma Foods | Alimentos Deliciosos para una Vida Mejor"},"image":{"@id":"https:\/\/www.sigmafoods.com\/#\/schema\/logo\/image\/"}}]}},"_links":{"self":[{"href":"https:\/\/www.sigmafoods.com\/en\/wp-json\/wp\/v2\/pages\/36041","targetHints":{"allow":["GET"]}}],"collection":[{"href":"https:\/\/www.sigmafoods.com\/en\/wp-json\/wp\/v2\/pages"}],"about":[{"href":"https:\/\/www.sigmafoods.com\/en\/wp-json\/wp\/v2\/types\/page"}],"author":[{"embeddable":true,"href":"https:\/\/www.sigmafoods.com\/en\/wp-json\/wp\/v2\/users\/15"}],"replies":[{"embeddable":true,"href":"https:\/\/www.sigmafoods.com\/en\/wp-json\/wp\/v2\/comments?post=36041"}],"version-history":[{"count":4,"href":"https:\/\/www.sigmafoods.com\/en\/wp-json\/wp\/v2\/pages\/36041\/revisions"}],"predecessor-version":[{"id":36049,"href":"https:\/\/www.sigmafoods.com\/en\/wp-json\/wp\/v2\/pages\/36041\/revisions\/36049"}],"wp:attachment":[{"href":"https:\/\/www.sigmafoods.com\/en\/wp-json\/wp\/v2\/media?parent=36041"}],"curies":[{"name":"wp","href":"https:\/\/api.w.org\/{rel}","templated":true}]}}