{"id":8342,"date":"2022-02-07T15:34:18","date_gmt":"2022-02-07T21:34:18","guid":{"rendered":"https:\/\/www.alfa.com.mx\/legal-information\/"},"modified":"2026-02-10T11:35:32","modified_gmt":"2026-02-10T17:35:32","slug":"legal-information","status":"publish","type":"page","link":"https:\/\/www.sigmafoods.com\/en\/legal-information\/","title":{"rendered":"Legal information"},"content":{"rendered":"\t\t<div data-elementor-type=\"wp-page\" data-elementor-id=\"8342\" class=\"elementor elementor-8342 elementor-1717\" data-elementor-post-type=\"page\">\n\t\t\t\t\t\t<section class=\"elementor-section elementor-top-section elementor-element elementor-element-397b934f elementor-section-height-min-height elementor-section-items-bottom elementor-section-boxed elementor-section-height-default\" data-id=\"397b934f\" data-element_type=\"section\" data-settings=\"{&quot;jet_parallax_layout_list&quot;:[],&quot;background_background&quot;:&quot;classic&quot;}\">\n\t\t\t\t\t\t<div class=\"elementor-container elementor-column-gap-default\">\n\t\t\t\t\t<div class=\"elementor-column elementor-col-100 elementor-top-column elementor-element elementor-element-51487dcd\" data-id=\"51487dcd\" data-element_type=\"column\" data-settings=\"{&quot;background_background&quot;:&quot;classic&quot;}\">\n\t\t\t<div class=\"elementor-widget-wrap elementor-element-populated\">\n\t\t\t\t\t<div class=\"elementor-background-overlay\"><\/div>\n\t\t\t\t\t\t<div class=\"elementor-element elementor-element-40f362ab elementor-widget elementor-widget-jet-headline\" data-id=\"40f362ab\" data-element_type=\"widget\" data-widget_type=\"jet-headline.default\">\n\t\t\t\t<div class=\"elementor-widget-container\">\n\t\t\t\t\t<h1 class=\"jet-headline jet-headline--direction-horizontal\"><span class=\"jet-headline__part jet-headline__first\"><span class=\"jet-headline__label\">Legal information<\/span><\/span><span class=\"jet-headline__space\">&nbsp;<\/span><\/h1>\t\t\t\t<\/div>\n\t\t\t\t<\/div>\n\t\t\t\t\t<\/div>\n\t\t<\/div>\n\t\t\t\t\t<\/div>\n\t\t<\/section>\n\t\t\t\t<section class=\"elementor-section elementor-top-section elementor-element elementor-element-12c1a51 elementor-section-boxed elementor-section-height-default elementor-section-height-default\" data-id=\"12c1a51\" data-element_type=\"section\" data-settings=\"{&quot;jet_parallax_layout_list&quot;:[]}\">\n\t\t\t\t\t\t<div class=\"elementor-container elementor-column-gap-default\">\n\t\t\t\t\t<div class=\"elementor-column elementor-col-100 elementor-top-column elementor-element elementor-element-eafb423\" data-id=\"eafb423\" data-element_type=\"column\">\n\t\t\t<div class=\"elementor-widget-wrap elementor-element-populated\">\n\t\t\t\t\t\t<div class=\"elementor-element elementor-element-276e3d0 elementor-widget elementor-widget-heading\" data-id=\"276e3d0\" data-element_type=\"widget\" data-widget_type=\"heading.default\">\n\t\t\t\t<div class=\"elementor-widget-container\">\n\t\t\t\t\t<h2 class=\"elementor-heading-title elementor-size-default\">Conditions for the Use of the Sigma Foods Website<\/h2>\t\t\t\t<\/div>\n\t\t\t\t<\/div>\n\t\t\t\t<div class=\"elementor-element elementor-element-1441114 elementor-widget elementor-widget-text-editor\" data-id=\"1441114\" data-element_type=\"widget\" data-widget_type=\"text-editor.default\">\n\t\t\t\t<div class=\"elementor-widget-container\">\n\t\t\t\t\t\t\t\t\t<p>Sigma Foods makes the necessary efforts to ensure that the information contained on this page is correct at the time of its inclusion. However, there may occasionally be some inadvertent errors or inaccuracies.<\/p><p>Sigma Foods does not provide guarantees of any kind about the information contained on this page, including links and other accessories used directly or indirectly, and at the same time reserves the right to make any modifications or changes without prior notice.<\/p><p>Sigma Foods does not accept any responsibility for direct or indirect damages as a consequence of the use of the information contained on this page. The information included on this page does not constitute or should be interpreted as an invitation to invest or do business with Sigma Foods shares.<\/p><p>The visitor who provides information to Sigma Foods through this World Web Site implicitly accepts that such information is non-confidential and that Sigma Foods has the right to use it for the purposes it deems appropriate.<\/p>\t\t\t\t\t\t\t\t<\/div>\n\t\t\t\t<\/div>\n\t\t\t\t<div class=\"elementor-element elementor-element-ed963f8 elementor-widget elementor-widget-heading\" data-id=\"ed963f8\" data-element_type=\"widget\" data-widget_type=\"heading.default\">\n\t\t\t\t<div class=\"elementor-widget-container\">\n\t\t\t\t\t<h2 class=\"elementor-heading-title elementor-size-default\">SIGMA FOODS PRIVACY NOTICE<\/h2>\t\t\t\t<\/div>\n\t\t\t\t<\/div>\n\t\t\t\t<div class=\"elementor-element elementor-element-d879fcf estilos-listas elementor-widget elementor-widget-text-editor\" data-id=\"d879fcf\" data-element_type=\"widget\" data-widget_type=\"text-editor.default\">\n\t\t\t\t<div class=\"elementor-widget-container\">\n\t\t\t\t\t\t\t\t\t<ul>\n \t<li><b>Responsibility<\/b>\nIn accordance with the Federal Law on Protection of Personal Data Held by Private Parties (\u201cLey Federal de Protecci\u00f3n de Datos Personales en Posesi\u00f3n de los Particulares\u201d) (the \u201cFederal Law\u201d), Sigma Foods, located in Ave. G\u00f3mez Mor\u00edn 111 Sur, Colonia Carrizalejo, San Pedro Garza Garc\u00eda, Nuevo Le\u00f3n, M\u00e9xico, C.P. 66254, is responsible for the treatment of your personal data.<\/li><br>\n \t<li><b>Personal Data<\/b>\nPersonal Data is considered any information concerning an identified or identifiable natural person (\u201cPersonal Data\u201d). The Personal Data that Sigma Foods requires from a <strong>PROSPECTIVE EMPLOYEE<\/strong> is:\n<ul class=\"nest\">\n \t<li>Personal identification<\/li>\n \t<li>Contact information<\/li>\n \t<li>Employment information and background<\/li>\n \t<li>Physical features (if required)<\/li>\n \t<li>Academic background<\/li>\n \t<li>Property ownership<\/li>\n \t<li>Personal ideological information (if required)<\/li>\n \t<li>Personal health information (if required)<\/li>\n<\/ul><br>\nThe Personal Data that Sigma Foods requires from an <strong>EMPLOYEE<\/strong> is:\n<ul class=\"nest\">\n \t<li>Personal identification<\/li>\n \t<li>Contact information<\/li>\n \t<li>Employment information<\/li>\n \t<li>Physical features<\/li>\n \t<li>Academic background<\/li>\n \t<li>Property ownership<\/li>\n \t<li>Personal ideological information<\/li>\n \t<li>Personal health information<\/li>\n<\/ul><br>\nThe Personal Data that Sigma Foods requires from a <strong>SUPPLIER<\/strong> is:\n<ul class=\"nest\">\n \t<li>Personal\/Company identification<\/li>\n \t<li>Contact information<\/li>\n \t<li>Employment information<\/li>\n \t<li>Property ownership<\/li>\n<\/ul><br>\nThe Personal Data that Sigma Foods requires from a <strong>VISITOR<\/strong> is:\n<ul class=\"nest\">\n \t<li>Personal identification<\/li>\n<\/ul><br>\nThe Personal Data necessary to comply with the purposes expressed in this Privacy Policy may be collected directly from the data owner, through electronic means and online services such as Sigma Foods\u2019 webpage or email, or any other source permitted by law.<\/li><br>\n \t<li><b>Purpose of the Data Treatment<\/b>\nThe Personal Data that Sigma Foods obtains from a <strong>PROSPECTIVE EMPLOYEE<\/strong> will be used for the following purposes:\n<ul class=\"nest\">\n \t<li>Identification<\/li>\n \t<li>Communication<\/li>\n \t<li>Allow participation in recruitment and selection processes<\/li>\n<\/ul><br>\nThe Personal Data that Sigma Foods obtains from an <strong>EMPLOYEE<\/strong> will be used for the following purposes:\n<ul class=\"nest\">\n \t<li>Identification<\/li>\n \t<li>Communication<\/li>\n \t<li>Evaluation, promotion and monitoring of professional development<\/li>\n \t<li>Compliance with labor obligations and benefits<\/li>\n \t<li>Prevention of labor risks<\/li>\n<\/ul><br>\nThe Personal Data that Sigma Foods obtains from a <strong>SUPPLIER<\/strong> will be used for the following purposes:\n<ul class=\"nest\">\n \t<li>Identification<\/li>\n \t<li>Communication<\/li>\n \t<li>Evaluation<\/li>\n \t<li>Compliance with legal obligations related to the client\u2013supplier relationship<\/li>\n \t<li>Grant access to our facilities<\/li>\n \t<li>Prevention of labor risks<\/li>\n<\/ul><br>\nThe Personal Data that Sigma Foods obtains from a <strong>VISITOR<\/strong> will be used for the following purposes:\n<ul class=\"nest\">\n \t<li>Identification<\/li>\n \t<li>Grant access to our facilities<\/li>\n<\/ul><br>\nUnder no circumstances will Sigma Foods use Personal Data for purposes other than those specified herein, unless this Privacy Policy is modified accordingly and notified through established mechanisms.<\/li><br>\n \t<li><b>Means to Limit the Use or Disclosure of Personal Data<\/b>\nIf the data owner wishes to limit the use or disclosure of their Personal Data, they may contact Sigma Foods\u2019 Contracts and Litigation Legal Department, located at the aforementioned address, which is responsible for processing such requests. The department will inform the applicable procedure.<\/li><br>\n \t<li><b>ARCO Rights and Withdrawal of Consent<\/b>\nData owners have the right to access, rectify, cancel and oppose the processing of their Personal Data (\u201cARCO Rights\u201d), as well as to withdraw consent previously granted.\nTo exercise these rights, the data owner must visit Sigma Foods\u2019 address and submit a written request to the Contracts and Litigation Legal Department specifying which right they wish to exercise and under what terms. The request must contain the elements established in Article 29 of the Federal Law.<\/li><br>\n \t<li><b>Data Transfer<\/b>\nSigma Foods undertakes not to transfer Personal Data to third parties, except for the cases provided under Article 37 of the Federal Law, in which case the transfers will comply with the conditions set forth therein. These exceptions include:\n<ul class=\"nest\">\n \t<li>When the transfer is permitted under any Law or Treaty to which Mexico is a party<\/li>\n \t<li>When necessary for medical prevention, diagnosis, health care, treatment, or service management<\/li>\n \t<li>Transfers to parent companies, subsidiaries, affiliates, or entities within the same group<\/li>\n \t<li>When necessary due to a contract in the interest of the data subject<\/li>\n \t<li>When required to safeguard public interest or for justice administration<\/li>\n \t<li>When necessary for the recognition, exercise or defense of rights in legal proceedings<\/li>\n \t<li>When necessary for maintaining or fulfilling a legal relationship between Sigma Foods and the data subject<\/li>\n<\/ul>\n<\/li><br>\n \t<li><b>Modifications to this Privacy Policy<\/b>\nSigma Foods reserves the right to modify this Privacy Policy to adapt, update or improve it, or to comply with new legal requirements. Sigma Foods recommends reviewing this Privacy Policy periodically at: www.sigmafoods.com (or the correct site).<\/li><br>\n \t<li><b>Use of Cookies and Web Beacons<\/b>\nWhere applicable, Sigma Foods\u2019 website may use cookies or web beacons to facilitate navigation. These tools do not allow identification of the user nor access to data on their hard drive. The user may adjust their browser settings to manage cookies. For more information, consult the browser\u2019s help section.<\/li><br>\n \t<li><b>Consent<\/b>\nIn accordance with Article 10 of the Federal Law, Sigma Foods does not require consent from the data owner to process their Personal Data in the following cases:\n<ul class=\"nest\">\n \t<li>Permitted by law<\/li>\n \t<li>Data available in public sources<\/li>\n \t<li>Data subject to a prior dissociation procedure<\/li>\n \t<li>To fulfill obligations arising from a legal relationship<\/li>\n \t<li>Emergency situations that could harm a person or their property<\/li>\n \t<li>Essential for medical care, while the data owner cannot provide consent<\/li>\n \t<li>When required by a judicial resolution<\/li>\n<\/ul>\n<\/li>\n<\/ul>\t\t\t\t\t\t\t\t<\/div>\n\t\t\t\t<\/div>\n\t\t\t\t<div class=\"elementor-element elementor-element-bf77b1d elementor-widget elementor-widget-text-editor\" data-id=\"bf77b1d\" data-element_type=\"widget\" data-widget_type=\"text-editor.default\">\n\t\t\t\t<div class=\"elementor-widget-container\">\n\t\t\t\t\t\t\t\t\t<p>Sigma Foods does not treat Personal Property and Financial Data except in the cases described in Article 8 of the Federal Law. Unless otherwise expressed, the person providing the Personal Data is consenting to the treatment of its Personal Data in the terms set forth in this Privacy Policy.<\/p><p>If Sigma Foods requires to treat Sensitive Personal Data, the provider thereof grants its express and written consent for its treatment, in accordance with Article 9 of the Federal Law, through his handwritten signature, electronic signature or any mechanism of authentication as may be determined by Sigma Foods, as appropriate.<\/p><p><strong>This Privacy Policy is issued to the extent that the Federal Law is applicable to Sigma Foods, however, please note that Sigma Foods is within the exceptions set forth in Article 2 of the Federal Law.<\/strong><\/p>\t\t\t\t\t\t\t\t<\/div>\n\t\t\t\t<\/div>\n\t\t\t\t<div class=\"elementor-element elementor-element-7e9b78c elementor-widget elementor-widget-heading\" data-id=\"7e9b78c\" data-element_type=\"widget\" data-widget_type=\"heading.default\">\n\t\t\t\t<div class=\"elementor-widget-container\">\n\t\t\t\t\t<h2 class=\"elementor-heading-title elementor-size-default\">SIGMA PRIVACY NOTICE<\/h2>\t\t\t\t<\/div>\n\t\t\t\t<\/div>\n\t\t\t\t<div class=\"elementor-element elementor-element-832e4be elementor-widget elementor-widget-text-editor\" data-id=\"832e4be\" data-element_type=\"widget\" data-widget_type=\"text-editor.default\">\n\t\t\t\t<div class=\"elementor-widget-container\">\n\t\t\t\t\t\t\t\t\t<strong>Legal Notice<\/strong>\n\nSigma Alimentos, S.A. de C.V. (\u201cSigma Alimentos\u201d) makes the required efforts to ensure that the information contained on this website is accurate at the time it is uploaded. However, inadvertent errors and inaccuracies may occasionally occur involuntarily. Sigma Alimentos makes no expressed or implicit guarantee as to the accuracy or validity of information contained on this website, including any links and other accessories that may be used directly or indirectly for the same purposes, and it reserves the right to make any changes or additions without prior notice.\n\nSigma Alimentos does not undertake any responsibility for any direct or indirect damages that may arise as a result of the use of the information contained on this website.\n\nThe information contained on this website does not constitute or should not be taken as an invitation to invest in or do any business with Sigma Foodsand\/or Sigma Alimentos\u2019 shares.\n\nAny user who provides information to Sigma Alimentos through this website implicitly accepts that this information is non-confidential and therefore Sigma Alimentos has the right to use it for the purposes that it deems convenient.\t\t\t\t\t\t\t\t<\/div>\n\t\t\t\t<\/div>\n\t\t\t\t\t<\/div>\n\t\t<\/div>\n\t\t\t\t\t<\/div>\n\t\t<\/section>\n\t\t\t\t<\/div>\n\t\t","protected":false},"excerpt":{"rendered":"<p>Legal information&nbsp; Conditions for the Use of the Sigma Foods Website Sigma Foods makes the necessary efforts to ensure that the information contained on this page is correct at the time of its inclusion. However, there may occasionally be some inadvertent errors or inaccuracies. Sigma Foods does not provide guarantees of any kind about the [&hellip;]<\/p>\n","protected":false},"author":5,"featured_media":0,"parent":0,"menu_order":0,"comment_status":"closed","ping_status":"closed","template":"","meta":{"footnotes":""},"class_list":["post-8342","page","type-page","status-publish","hentry"],"yoast_head":"<!-- This site is optimized with the Yoast SEO plugin v25.2 - https:\/\/yoast.com\/wordpress\/plugins\/seo\/ -->\n<title>Legal information - Sigma Foods | Alimentos Deliciosos para una Vida Mejor<\/title>\n<meta name=\"robots\" content=\"index, follow, max-snippet:-1, max-image-preview:large, max-video-preview:-1\" \/>\n<link rel=\"canonical\" href=\"https:\/\/www.sigmafoods.com\/informacion-legal\/\" \/>\n<meta property=\"og:locale\" content=\"en_US\" \/>\n<meta property=\"og:type\" content=\"article\" \/>\n<meta property=\"og:title\" content=\"Legal information - Sigma Foods | Alimentos Deliciosos para una Vida Mejor\" \/>\n<meta property=\"og:description\" content=\"Legal information&nbsp; Conditions for the Use of the Sigma Foods Website Sigma Foods makes the necessary efforts to ensure that the information contained on this page is correct at the time of its inclusion. However, there may occasionally be some inadvertent errors or inaccuracies. Sigma Foods does not provide guarantees of any kind about the [&hellip;]\" \/>\n<meta property=\"og:url\" content=\"https:\/\/www.sigmafoods.com\/informacion-legal\/\" \/>\n<meta property=\"og:site_name\" content=\"Sigma Foods | Alimentos Deliciosos para una Vida Mejor\" \/>\n<meta property=\"article:modified_time\" content=\"2026-02-10T17:35:32+00:00\" \/>\n<meta name=\"twitter:card\" content=\"summary_large_image\" \/>\n<meta name=\"twitter:label1\" content=\"Est. reading time\" \/>\n\t<meta name=\"twitter:data1\" content=\"6 minutes\" \/>\n<script type=\"application\/ld+json\" class=\"yoast-schema-graph\">{\"@context\":\"https:\/\/schema.org\",\"@graph\":[{\"@type\":\"WebPage\",\"@id\":\"https:\/\/www.sigmafoods.com\/informacion-legal\/\",\"url\":\"https:\/\/www.sigmafoods.com\/informacion-legal\/\",\"name\":\"Legal information - Sigma Foods | Alimentos Deliciosos para una Vida Mejor\",\"isPartOf\":{\"@id\":\"https:\/\/www.sigmafoods.com\/#website\"},\"datePublished\":\"2022-02-07T21:34:18+00:00\",\"dateModified\":\"2026-02-10T17:35:32+00:00\",\"inLanguage\":\"en-US\",\"potentialAction\":[{\"@type\":\"ReadAction\",\"target\":[\"https:\/\/www.sigmafoods.com\/informacion-legal\/\"]}]},{\"@type\":\"WebSite\",\"@id\":\"https:\/\/www.sigmafoods.com\/#website\",\"url\":\"https:\/\/www.sigmafoods.com\/\",\"name\":\"Sigma Foods | Alimentos Deliciosos para una Vida Mejor\",\"description\":\"Compa\u00f1\u00eda multinacional l\u00edder en la industria de alimentos que produce, comercializa y distribuye carnes fr\u00edas, carnes maduradas, l\u00e1cteos y otros productos en M\u00e9xico, Europa, EE.UU. y Am\u00e9rica Latina.\",\"publisher\":{\"@id\":\"https:\/\/www.sigmafoods.com\/#organization\"},\"potentialAction\":[{\"@type\":\"SearchAction\",\"target\":{\"@type\":\"EntryPoint\",\"urlTemplate\":\"https:\/\/www.sigmafoods.com\/?s={search_term_string}\"},\"query-input\":{\"@type\":\"PropertyValueSpecification\",\"valueRequired\":true,\"valueName\":\"search_term_string\"}}],\"inLanguage\":\"en-US\"},{\"@type\":\"Organization\",\"@id\":\"https:\/\/www.sigmafoods.com\/#organization\",\"name\":\"Sigma Foods | Alimentos Deliciosos para una Vida Mejor\",\"url\":\"https:\/\/www.sigmafoods.com\/\",\"logo\":{\"@type\":\"ImageObject\",\"inLanguage\":\"en-US\",\"@id\":\"https:\/\/www.sigmafoods.com\/#\/schema\/logo\/image\/\",\"url\":\"https:\/\/www.sigmafoods.com\/wp-content\/uploads\/2025\/12\/SigmaFoods_2.png\",\"contentUrl\":\"https:\/\/www.sigmafoods.com\/wp-content\/uploads\/2025\/12\/SigmaFoods_2.png\",\"width\":600,\"height\":370,\"caption\":\"Sigma Foods | Alimentos Deliciosos para una Vida Mejor\"},\"image\":{\"@id\":\"https:\/\/www.sigmafoods.com\/#\/schema\/logo\/image\/\"}}]}<\/script>\n<!-- \/ Yoast SEO plugin. -->","yoast_head_json":{"title":"Legal information - Sigma Foods | Alimentos Deliciosos para una Vida Mejor","robots":{"index":"index","follow":"follow","max-snippet":"max-snippet:-1","max-image-preview":"max-image-preview:large","max-video-preview":"max-video-preview:-1"},"canonical":"https:\/\/www.sigmafoods.com\/informacion-legal\/","og_locale":"en_US","og_type":"article","og_title":"Legal information - Sigma Foods | Alimentos Deliciosos para una Vida Mejor","og_description":"Legal information&nbsp; Conditions for the Use of the Sigma Foods Website Sigma Foods makes the necessary efforts to ensure that the information contained on this page is correct at the time of its inclusion. However, there may occasionally be some inadvertent errors or inaccuracies. Sigma Foods does not provide guarantees of any kind about the [&hellip;]","og_url":"https:\/\/www.sigmafoods.com\/informacion-legal\/","og_site_name":"Sigma Foods | Alimentos Deliciosos para una Vida Mejor","article_modified_time":"2026-02-10T17:35:32+00:00","twitter_card":"summary_large_image","twitter_misc":{"Est. reading time":"6 minutes"},"schema":{"@context":"https:\/\/schema.org","@graph":[{"@type":"WebPage","@id":"https:\/\/www.sigmafoods.com\/informacion-legal\/","url":"https:\/\/www.sigmafoods.com\/informacion-legal\/","name":"Legal information - Sigma Foods | Alimentos Deliciosos para una Vida Mejor","isPartOf":{"@id":"https:\/\/www.sigmafoods.com\/#website"},"datePublished":"2022-02-07T21:34:18+00:00","dateModified":"2026-02-10T17:35:32+00:00","inLanguage":"en-US","potentialAction":[{"@type":"ReadAction","target":["https:\/\/www.sigmafoods.com\/informacion-legal\/"]}]},{"@type":"WebSite","@id":"https:\/\/www.sigmafoods.com\/#website","url":"https:\/\/www.sigmafoods.com\/","name":"Sigma Foods | Alimentos Deliciosos para una Vida Mejor","description":"Compa\u00f1\u00eda multinacional l\u00edder en la industria de alimentos que produce, comercializa y distribuye carnes fr\u00edas, carnes maduradas, l\u00e1cteos y otros productos en M\u00e9xico, Europa, EE.UU. y Am\u00e9rica Latina.","publisher":{"@id":"https:\/\/www.sigmafoods.com\/#organization"},"potentialAction":[{"@type":"SearchAction","target":{"@type":"EntryPoint","urlTemplate":"https:\/\/www.sigmafoods.com\/?s={search_term_string}"},"query-input":{"@type":"PropertyValueSpecification","valueRequired":true,"valueName":"search_term_string"}}],"inLanguage":"en-US"},{"@type":"Organization","@id":"https:\/\/www.sigmafoods.com\/#organization","name":"Sigma Foods | Alimentos Deliciosos para una Vida Mejor","url":"https:\/\/www.sigmafoods.com\/","logo":{"@type":"ImageObject","inLanguage":"en-US","@id":"https:\/\/www.sigmafoods.com\/#\/schema\/logo\/image\/","url":"https:\/\/www.sigmafoods.com\/wp-content\/uploads\/2025\/12\/SigmaFoods_2.png","contentUrl":"https:\/\/www.sigmafoods.com\/wp-content\/uploads\/2025\/12\/SigmaFoods_2.png","width":600,"height":370,"caption":"Sigma Foods | Alimentos Deliciosos para una Vida Mejor"},"image":{"@id":"https:\/\/www.sigmafoods.com\/#\/schema\/logo\/image\/"}}]}},"_links":{"self":[{"href":"https:\/\/www.sigmafoods.com\/en\/wp-json\/wp\/v2\/pages\/8342","targetHints":{"allow":["GET"]}}],"collection":[{"href":"https:\/\/www.sigmafoods.com\/en\/wp-json\/wp\/v2\/pages"}],"about":[{"href":"https:\/\/www.sigmafoods.com\/en\/wp-json\/wp\/v2\/types\/page"}],"author":[{"embeddable":true,"href":"https:\/\/www.sigmafoods.com\/en\/wp-json\/wp\/v2\/users\/5"}],"replies":[{"embeddable":true,"href":"https:\/\/www.sigmafoods.com\/en\/wp-json\/wp\/v2\/comments?post=8342"}],"version-history":[{"count":53,"href":"https:\/\/www.sigmafoods.com\/en\/wp-json\/wp\/v2\/pages\/8342\/revisions"}],"predecessor-version":[{"id":36383,"href":"https:\/\/www.sigmafoods.com\/en\/wp-json\/wp\/v2\/pages\/8342\/revisions\/36383"}],"wp:attachment":[{"href":"https:\/\/www.sigmafoods.com\/en\/wp-json\/wp\/v2\/media?parent=8342"}],"curies":[{"name":"wp","href":"https:\/\/api.w.org\/{rel}","templated":true}]}}